{"id":35,"date":"2020-03-05T17:44:24","date_gmt":"2020-03-05T16:44:24","guid":{"rendered":"http:\/\/www.claudiaventuri.com\/?page_id=35"},"modified":"2023-02-14T16:23:03","modified_gmt":"2023-02-14T15:23:03","slug":"grande-passione-per-ilcanto","status":"publish","type":"page","link":"https:\/\/www.claudiaventuri.com\/it\/biografia\/grande-passione-per-ilcanto\/","title":{"rendered":"Il canto \u00e8 sempre stata la sua grande passione"},"content":{"rendered":"\n<p><strong>Claudia \u00e8 nata a Grosseto e vive a Grosseto.<\/strong><\/p>\n\n\n\n<p>Il canto \u00e8 sempre stata la sua grande passione sin da bambina. Il padre vedendo la sua gioia nel cantare e sentendo il suo canto cos\u00ec intonato, decide di iscriverla alla scuola di musica della sua citt\u00e0, facendogli seguire lezioni di canto. A 14 anni viene presentata all&#8217;allora maestro della Corale Puccini, celebre corale di Grosseto, il quale esprime un parere molto positivo e riconosce in lei una voce da soprano. <\/p>\n\n\n\n<p>Claudia canta sia in italiano, che in inglese e francese, lingua quest&#8217;ultima che conosce molto bene sin dall&#8217;infanzia visto che ogni estate si recava a trovare i nonni materni nella citt\u00e0 di Lyon. Ricorda ancora con grande nostalgia il primo &#8220;mangiadischi&#8221; e i primi 45 giri in vinile regalati dal nonno della celebre cantante per bambini Chantal Goya, ma ricorda anche le prime canzoni della celebre artista canadese Celin Dion, allora adolescente che debuttava in Francia. <\/p>\n","protected":false},"excerpt":{"rendered":"<p>Claudia \u00e8 nata a Grosseto e vive a Grosseto. Il canto \u00e8 sempre stata la sua grande passione sin da bambina. Il padre vedendo la sua gioia nel cantare e sentendo il suo canto cos\u00ec intonato, decide di iscriverla alla scuola di musica della sua citt\u00e0, facendogli seguire lezioni di canto. A 14 anni viene [&hellip;]<\/p>\n","protected":false},"author":1,"featured_media":0,"parent":15,"menu_order":1,"comment_status":"closed","ping_status":"closed","template":"","meta":{"_acf_changed":false,"footnotes":""},"acf":[],"yoast_head":"<!-- This site is optimized with the Yoast SEO plugin v22.4 - https:\/\/yoast.com\/wordpress\/plugins\/seo\/ -->\n<title>Il canto \u00e8 sempre stata la sua grande passione - Claudia Venturi<\/title>\n<meta name=\"robots\" content=\"index, follow, max-snippet:-1, max-image-preview:large, max-video-preview:-1\" \/>\n<link rel=\"canonical\" href=\"https:\/\/www.claudiaventuri.com\/it\/biografia\/grande-passione-per-ilcanto\/\" \/>\n<meta property=\"og:locale\" content=\"it_IT\" \/>\n<meta property=\"og:type\" content=\"article\" \/>\n<meta property=\"og:title\" content=\"Il canto \u00e8 sempre stata la sua grande passione - Claudia Venturi\" \/>\n<meta property=\"og:description\" content=\"Claudia \u00e8 nata a Grosseto e vive a Grosseto. Il canto \u00e8 sempre stata la sua grande passione sin da bambina. Il padre vedendo la sua gioia nel cantare e sentendo il suo canto cos\u00ec intonato, decide di iscriverla alla scuola di musica della sua citt\u00e0, facendogli seguire lezioni di canto. A 14 anni viene [&hellip;]\" \/>\n<meta property=\"og:url\" content=\"https:\/\/www.claudiaventuri.com\/it\/biografia\/grande-passione-per-ilcanto\/\" \/>\n<meta property=\"og:site_name\" content=\"Claudia Venturi\" \/>\n<meta property=\"article:modified_time\" content=\"2023-02-14T15:23:03+00:00\" \/>\n<meta name=\"twitter:card\" content=\"summary_large_image\" \/>\n<meta name=\"twitter:label1\" content=\"Tempo di lettura stimato\" \/>\n\t<meta name=\"twitter:data1\" content=\"1 minuto\" \/>\n<script type=\"application\/ld+json\" class=\"yoast-schema-graph\">{\"@context\":\"https:\/\/schema.org\",\"@graph\":[{\"@type\":\"WebPage\",\"@id\":\"https:\/\/www.claudiaventuri.com\/it\/biografia\/grande-passione-per-ilcanto\/\",\"url\":\"https:\/\/www.claudiaventuri.com\/it\/biografia\/grande-passione-per-ilcanto\/\",\"name\":\"Il canto \u00e8 sempre stata la sua grande passione - Claudia Venturi\",\"isPartOf\":{\"@id\":\"https:\/\/www.claudiaventuri.com\/it\/#website\"},\"datePublished\":\"2020-03-05T16:44:24+00:00\",\"dateModified\":\"2023-02-14T15:23:03+00:00\",\"breadcrumb\":{\"@id\":\"https:\/\/www.claudiaventuri.com\/it\/biografia\/grande-passione-per-ilcanto\/#breadcrumb\"},\"inLanguage\":\"it-IT\",\"potentialAction\":[{\"@type\":\"ReadAction\",\"target\":[\"https:\/\/www.claudiaventuri.com\/it\/biografia\/grande-passione-per-ilcanto\/\"]}]},{\"@type\":\"BreadcrumbList\",\"@id\":\"https:\/\/www.claudiaventuri.com\/it\/biografia\/grande-passione-per-ilcanto\/#breadcrumb\",\"itemListElement\":[{\"@type\":\"ListItem\",\"position\":1,\"name\":\"Home\",\"item\":\"https:\/\/www.claudiaventuri.com\/it\/\"},{\"@type\":\"ListItem\",\"position\":2,\"name\":\"Biografia\",\"item\":\"https:\/\/www.claudiaventuri.com\/it\/biografia\/\"},{\"@type\":\"ListItem\",\"position\":3,\"name\":\"Il canto \u00e8 sempre stata la sua grande passione\"}]},{\"@type\":\"WebSite\",\"@id\":\"https:\/\/www.claudiaventuri.com\/it\/#website\",\"url\":\"https:\/\/www.claudiaventuri.com\/it\/\",\"name\":\"Claudia Venturi\",\"description\":\"\",\"publisher\":{\"@id\":\"https:\/\/www.claudiaventuri.com\/it\/#organization\"},\"potentialAction\":[{\"@type\":\"SearchAction\",\"target\":{\"@type\":\"EntryPoint\",\"urlTemplate\":\"https:\/\/www.claudiaventuri.com\/it\/?s={search_term_string}\"},\"query-input\":\"required name=search_term_string\"}],\"inLanguage\":\"it-IT\"},{\"@type\":\"Organization\",\"@id\":\"https:\/\/www.claudiaventuri.com\/it\/#organization\",\"name\":\"Claudia Venturi\",\"url\":\"https:\/\/www.claudiaventuri.com\/it\/\",\"logo\":{\"@type\":\"ImageObject\",\"inLanguage\":\"it-IT\",\"@id\":\"https:\/\/www.claudiaventuri.com\/it\/#\/schema\/logo\/image\/\",\"url\":\"https:\/\/www.claudiaventuri.com\/app\/uploads\/2024\/03\/claudia-venturi-2.png\",\"contentUrl\":\"https:\/\/www.claudiaventuri.com\/app\/uploads\/2024\/03\/claudia-venturi-2.png\",\"width\":200,\"height\":79,\"caption\":\"Claudia Venturi\"},\"image\":{\"@id\":\"https:\/\/www.claudiaventuri.com\/it\/#\/schema\/logo\/image\/\"}}]}<\/script>\n<!-- \/ Yoast SEO plugin. -->","yoast_head_json":{"title":"Il canto \u00e8 sempre stata la sua grande passione - Claudia Venturi","robots":{"index":"index","follow":"follow","max-snippet":"max-snippet:-1","max-image-preview":"max-image-preview:large","max-video-preview":"max-video-preview:-1"},"canonical":"https:\/\/www.claudiaventuri.com\/it\/biografia\/grande-passione-per-ilcanto\/","og_locale":"it_IT","og_type":"article","og_title":"Il canto \u00e8 sempre stata la sua grande passione - Claudia Venturi","og_description":"Claudia \u00e8 nata a Grosseto e vive a Grosseto. Il canto \u00e8 sempre stata la sua grande passione sin da bambina. Il padre vedendo la sua gioia nel cantare e sentendo il suo canto cos\u00ec intonato, decide di iscriverla alla scuola di musica della sua citt\u00e0, facendogli seguire lezioni di canto. A 14 anni viene [&hellip;]","og_url":"https:\/\/www.claudiaventuri.com\/it\/biografia\/grande-passione-per-ilcanto\/","og_site_name":"Claudia Venturi","article_modified_time":"2023-02-14T15:23:03+00:00","twitter_card":"summary_large_image","twitter_misc":{"Tempo di lettura stimato":"1 minuto"},"schema":{"@context":"https:\/\/schema.org","@graph":[{"@type":"WebPage","@id":"https:\/\/www.claudiaventuri.com\/it\/biografia\/grande-passione-per-ilcanto\/","url":"https:\/\/www.claudiaventuri.com\/it\/biografia\/grande-passione-per-ilcanto\/","name":"Il canto \u00e8 sempre stata la sua grande passione - Claudia Venturi","isPartOf":{"@id":"https:\/\/www.claudiaventuri.com\/it\/#website"},"datePublished":"2020-03-05T16:44:24+00:00","dateModified":"2023-02-14T15:23:03+00:00","breadcrumb":{"@id":"https:\/\/www.claudiaventuri.com\/it\/biografia\/grande-passione-per-ilcanto\/#breadcrumb"},"inLanguage":"it-IT","potentialAction":[{"@type":"ReadAction","target":["https:\/\/www.claudiaventuri.com\/it\/biografia\/grande-passione-per-ilcanto\/"]}]},{"@type":"BreadcrumbList","@id":"https:\/\/www.claudiaventuri.com\/it\/biografia\/grande-passione-per-ilcanto\/#breadcrumb","itemListElement":[{"@type":"ListItem","position":1,"name":"Home","item":"https:\/\/www.claudiaventuri.com\/it\/"},{"@type":"ListItem","position":2,"name":"Biografia","item":"https:\/\/www.claudiaventuri.com\/it\/biografia\/"},{"@type":"ListItem","position":3,"name":"Il canto \u00e8 sempre stata la sua grande passione"}]},{"@type":"WebSite","@id":"https:\/\/www.claudiaventuri.com\/it\/#website","url":"https:\/\/www.claudiaventuri.com\/it\/","name":"Claudia Venturi","description":"","publisher":{"@id":"https:\/\/www.claudiaventuri.com\/it\/#organization"},"potentialAction":[{"@type":"SearchAction","target":{"@type":"EntryPoint","urlTemplate":"https:\/\/www.claudiaventuri.com\/it\/?s={search_term_string}"},"query-input":"required name=search_term_string"}],"inLanguage":"it-IT"},{"@type":"Organization","@id":"https:\/\/www.claudiaventuri.com\/it\/#organization","name":"Claudia Venturi","url":"https:\/\/www.claudiaventuri.com\/it\/","logo":{"@type":"ImageObject","inLanguage":"it-IT","@id":"https:\/\/www.claudiaventuri.com\/it\/#\/schema\/logo\/image\/","url":"https:\/\/www.claudiaventuri.com\/app\/uploads\/2024\/03\/claudia-venturi-2.png","contentUrl":"https:\/\/www.claudiaventuri.com\/app\/uploads\/2024\/03\/claudia-venturi-2.png","width":200,"height":79,"caption":"Claudia Venturi"},"image":{"@id":"https:\/\/www.claudiaventuri.com\/it\/#\/schema\/logo\/image\/"}}]}},"_links":{"self":[{"href":"https:\/\/www.claudiaventuri.com\/it\/wp-json\/wp\/v2\/pages\/35"}],"collection":[{"href":"https:\/\/www.claudiaventuri.com\/it\/wp-json\/wp\/v2\/pages"}],"about":[{"href":"https:\/\/www.claudiaventuri.com\/it\/wp-json\/wp\/v2\/types\/page"}],"author":[{"embeddable":true,"href":"https:\/\/www.claudiaventuri.com\/it\/wp-json\/wp\/v2\/users\/1"}],"replies":[{"embeddable":true,"href":"https:\/\/www.claudiaventuri.com\/it\/wp-json\/wp\/v2\/comments?post=35"}],"version-history":[{"count":4,"href":"https:\/\/www.claudiaventuri.com\/it\/wp-json\/wp\/v2\/pages\/35\/revisions"}],"predecessor-version":[{"id":62,"href":"https:\/\/www.claudiaventuri.com\/it\/wp-json\/wp\/v2\/pages\/35\/revisions\/62"}],"up":[{"embeddable":true,"href":"https:\/\/www.claudiaventuri.com\/it\/wp-json\/wp\/v2\/pages\/15"}],"wp:attachment":[{"href":"https:\/\/www.claudiaventuri.com\/it\/wp-json\/wp\/v2\/media?parent=35"}],"curies":[{"name":"wp","href":"https:\/\/api.w.org\/{rel}","templated":true}]}}